{"id":90,"date":"2025-05-17T15:01:28","date_gmt":"2025-05-17T15:01:28","guid":{"rendered":"https:\/\/underexpose.org\/?post_type=product&#038;p=90"},"modified":"2025-05-18T17:02:06","modified_gmt":"2025-05-18T17:02:06","slug":"no12-el-bar-dragon-por-david-exposito","status":"publish","type":"product","link":"https:\/\/underexpose.org\/?product=no12-el-bar-dragon-por-david-exposito","title":{"rendered":"n\u00ba12 \u00abEl Bar Drag\u00f3n\u00bb por David Exp\u00f3sito"},"content":{"rendered":"<p><span style=\"font-weight: 400;\">El bar Drag\u00f3n, ubicado en la calle de Santa Isabel (Madrid) re\u00fane todos los motivos que me vinculan con la fotograf\u00eda. En su interior, nada relevante pasa salvo el tiempo, algo que para m\u00ed es muy atractivo. Los personajes, sacados pr\u00e1cticamente de un manual de lo madrile\u00f1o, acuden puntuales a su cita con el vermut, la partidita en las tragaperras a mediod\u00eda o el aperitivo despu\u00e9s de comer. Nadie queda con nadie, y sin embargo se esperan.\u00a0<\/span><\/p>\n<p><span style=\"font-weight: 400;\">Durante mucho tiempo iba a la salida del cine solo para cotillear y poner la oreja en las conversaciones ajenas, imaginando lo fascinante que ser\u00eda hacer esta o aquella foto. Un d\u00eda, m\u00e1s por obligaci\u00f3n que por convencimiento, le ped\u00ed a la due\u00f1a si ser\u00eda posible tomar algunas im\u00e1genes dentro del bar para un trabajo de una escuela de fotograf\u00eda. Creo que sin entenderme del todo dijo que s\u00ed. En ese momento se me abri\u00f3 literalmente un mundo. Empec\u00e9 a interactuar con la gente, me presentaba y les preguntaba si les importaba que hiciera fotos. Hasta entonces mi m\u00e9todo de fotografiar hab\u00eda sido ser discreto, no llamar la atenci\u00f3n, pero en ese momento lo que m\u00e1s me apetec\u00eda era mostrarme bien visible, que todo el mundo supiera lo que estaba haciendo y que no pasara nada. Cuando alguien me da la posibilidad de fotografiarle sin compromisos, mi felicidad como fot\u00f3grafo es plena. Utilic\u00e9 la c\u00e1mara sin razonar demasiado, sin medir y componer al mil\u00edmetro cada imagen, simplemente esperando que algo llamara mi atenci\u00f3n y darle al click, saliera bien o saliera mal.\u00a0<\/span><\/p>\n<p><span style=\"font-weight: 400;\">No puedo decir que el resultado sea un retrato fiel y objetivo del lugar y los personajes, sino m\u00e1s bien una interpretaci\u00f3n personal. Tampoco me he atrevido a volver y continuar con la serie, puede que ya no tenga la misma fuerza que aquellos d\u00edas y prefiero guardarlo como un lugar en mi memoria donde fui feliz.<\/span><\/p>\n<p><a href=\"https:\/\/elpais.com\/autor\/david-exposito\/\"><span style=\"font-weight: 400;\">David Exp\u00f3sito<\/span><\/a><\/p>\n","protected":false},"excerpt":{"rendered":"<p>El bar Drag\u00f3n, ubicado en la calle de Santa Isabel (Madrid) re\u00fane todos los motivos que me vinculan con la fotograf\u00eda. En su interior, nada relevante pasa salvo el tiempo, algo que para m\u00ed es muy atractivo. Los personajes, sacados pr\u00e1cticamente de un manual de lo madrile\u00f1o, acuden puntuales a su cita con el vermut, la partidita en las tragaperras a mediod\u00eda o el aperitivo despu\u00e9s de comer. Nadie queda con nadie, y sin embargo se esperan.\u00a0 Durante mucho tiempo iba a la salida del cine solo para cotillear y poner la oreja en las conversaciones ajenas, imaginando lo fascinante que ser\u00eda hacer esta o aquella foto. Un d\u00eda, m\u00e1s por obligaci\u00f3n que por convencimiento, le ped\u00ed a la due\u00f1a si ser\u00eda posible tomar algunas im\u00e1genes dentro del bar para un trabajo de una escuela de fotograf\u00eda. Creo que sin entenderme del todo dijo que s\u00ed. En ese momento se me abri\u00f3 literalmente un mundo. Empec\u00e9 a interactuar con la gente, me presentaba y les preguntaba si les importaba que hiciera fotos. Hasta entonces mi m\u00e9todo de fotografiar hab\u00eda sido ser discreto, no llamar la atenci\u00f3n, pero en ese momento lo que m\u00e1s me apetec\u00eda era mostrarme bien visible, que todo el mundo supiera lo que estaba haciendo y que no pasara nada. Cuando alguien me da la posibilidad de fotografiarle sin compromisos, mi felicidad como fot\u00f3grafo es plena. Utilic\u00e9 la c\u00e1mara sin razonar demasiado, sin medir y componer al mil\u00edmetro cada imagen, simplemente esperando que algo llamara mi atenci\u00f3n y darle al click, saliera bien o saliera mal.\u00a0 No puedo decir que el resultado sea un retrato fiel y objetivo del lugar y los personajes, sino m\u00e1s bien una interpretaci\u00f3n personal. Tampoco me he atrevido a volver y continuar con la serie, puede que ya no tenga la misma fuerza que aquellos d\u00edas y prefiero guardarlo como un lugar en mi memoria donde fui feliz. David Exp\u00f3sito<\/p>\n","protected":false},"featured_media":91,"template":"","meta":[],"product_brand":[],"product_cat":[26],"product_tag":[],"class_list":{"0":"post-90","1":"product","2":"type-product","3":"status-publish","4":"has-post-thumbnail","6":"product_cat-photo","8":"first","9":"instock","10":"shipping-taxable","11":"purchasable","12":"product-type-simple"},"_links":{"self":[{"href":"https:\/\/underexpose.org\/index.php?rest_route=\/wp\/v2\/product\/90","targetHints":{"allow":["GET"]}}],"collection":[{"href":"https:\/\/underexpose.org\/index.php?rest_route=\/wp\/v2\/product"}],"about":[{"href":"https:\/\/underexpose.org\/index.php?rest_route=\/wp\/v2\/types\/product"}],"wp:featuredmedia":[{"embeddable":true,"href":"https:\/\/underexpose.org\/index.php?rest_route=\/wp\/v2\/media\/91"}],"wp:attachment":[{"href":"https:\/\/underexpose.org\/index.php?rest_route=%2Fwp%2Fv2%2Fmedia&parent=90"}],"wp:term":[{"taxonomy":"product_brand","embeddable":true,"href":"https:\/\/underexpose.org\/index.php?rest_route=%2Fwp%2Fv2%2Fproduct_brand&post=90"},{"taxonomy":"product_cat","embeddable":true,"href":"https:\/\/underexpose.org\/index.php?rest_route=%2Fwp%2Fv2%2Fproduct_cat&post=90"},{"taxonomy":"product_tag","embeddable":true,"href":"https:\/\/underexpose.org\/index.php?rest_route=%2Fwp%2Fv2%2Fproduct_tag&post=90"}],"curies":[{"name":"wp","href":"https:\/\/api.w.org\/{rel}","templated":true}]}}