{"id":88,"date":"2025-05-17T14:59:52","date_gmt":"2025-05-17T14:59:52","guid":{"rendered":"https:\/\/underexpose.org\/?post_type=product&#038;p=88"},"modified":"2025-05-18T17:02:19","modified_gmt":"2025-05-18T17:02:19","slug":"no11-el-infierno-en-la-tierra-por-jesus-jimenez-globetrotter","status":"publish","type":"product","link":"https:\/\/underexpose.org\/?product=no11-el-infierno-en-la-tierra-por-jesus-jimenez-globetrotter","title":{"rendered":"n\u00ba11 \u00abEl Infierno en la Tierra\u00bb por Jes\u00fas Jim\u00e9nez (Globetrotter)"},"content":{"rendered":"<p><span style=\"font-weight: 400;\">Estas fotografias est\u00e1n dedicados a mis amigos indonesios y los trabajadores del volc\u00e1n Kawah Ijen, con ellos pas\u00e9 un d\u00eda entero desde antes del amanecer hasta el atardecer sigui\u00e9ndolos en sus idas y venidas de las fauces del volc\u00e1n mientras extra\u00edan el azufre. Nadie mejor que ellos conoce y respeta el volc\u00e1n, los riesgos y sus beneficios, por lo que est\u00e1n orgullosos de su trabajo. Es peligroso como cualquier trabajo en la miner\u00eda, pero proporciona buenos ingresos. Solo quieren lo mejor para sus familias.<\/span><\/p>\n<p><span style=\"font-weight: 400;\">Jes\u00fas Jim\u00e9nez<\/span><\/p>\n","protected":false},"excerpt":{"rendered":"<p>Estas fotografias est\u00e1n dedicados a mis amigos indonesios y los trabajadores del volc\u00e1n Kawah Ijen, con ellos pas\u00e9 un d\u00eda entero desde antes del amanecer hasta el atardecer sigui\u00e9ndolos en sus idas y venidas de las fauces del volc\u00e1n mientras extra\u00edan el azufre. Nadie mejor que ellos conoce y respeta el volc\u00e1n, los riesgos y sus beneficios, por lo que est\u00e1n orgullosos de su trabajo. Es peligroso como cualquier trabajo en la miner\u00eda, pero proporciona buenos ingresos. Solo quieren lo mejor para sus familias. Jes\u00fas Jim\u00e9nez<\/p>\n","protected":false},"featured_media":89,"template":"","meta":[],"product_brand":[],"product_cat":[26],"product_tag":[],"class_list":{"0":"post-88","1":"product","2":"type-product","3":"status-publish","4":"has-post-thumbnail","6":"product_cat-photo","8":"first","9":"instock","10":"shipping-taxable","11":"purchasable","12":"product-type-simple"},"_links":{"self":[{"href":"https:\/\/underexpose.org\/index.php?rest_route=\/wp\/v2\/product\/88","targetHints":{"allow":["GET"]}}],"collection":[{"href":"https:\/\/underexpose.org\/index.php?rest_route=\/wp\/v2\/product"}],"about":[{"href":"https:\/\/underexpose.org\/index.php?rest_route=\/wp\/v2\/types\/product"}],"wp:featuredmedia":[{"embeddable":true,"href":"https:\/\/underexpose.org\/index.php?rest_route=\/wp\/v2\/media\/89"}],"wp:attachment":[{"href":"https:\/\/underexpose.org\/index.php?rest_route=%2Fwp%2Fv2%2Fmedia&parent=88"}],"wp:term":[{"taxonomy":"product_brand","embeddable":true,"href":"https:\/\/underexpose.org\/index.php?rest_route=%2Fwp%2Fv2%2Fproduct_brand&post=88"},{"taxonomy":"product_cat","embeddable":true,"href":"https:\/\/underexpose.org\/index.php?rest_route=%2Fwp%2Fv2%2Fproduct_cat&post=88"},{"taxonomy":"product_tag","embeddable":true,"href":"https:\/\/underexpose.org\/index.php?rest_route=%2Fwp%2Fv2%2Fproduct_tag&post=88"}],"curies":[{"name":"wp","href":"https:\/\/api.w.org\/{rel}","templated":true}]}}