{"id":86,"date":"2025-05-17T14:58:43","date_gmt":"2025-05-17T14:58:43","guid":{"rendered":"https:\/\/underexpose.org\/?post_type=product&#038;p=86"},"modified":"2025-10-04T19:00:29","modified_gmt":"2025-10-04T19:00:29","slug":"no10-watch-her-fly-por-orietta-gelardin","status":"publish","type":"product","link":"https:\/\/underexpose.org\/?product=no10-watch-her-fly-por-orietta-gelardin","title":{"rendered":"n\u00ba10 \u00abWatch her fly\u00bb por Orietta Gelardin"},"content":{"rendered":"<p><span style=\"font-weight: 400;\">Con frecuencia recuerdo vivamente y con gran nostalgia los d\u00edas de adolescente en los que, sentada junto a mi madre en <\/span><i><span style=\"font-weight: 400;\">Al Biscione Caf\u00e9<\/span><\/i><span style=\"font-weight: 400;\"> de Roma, nos entreten\u00edamos intentando adivinar las nacionalidades y\/o ocupaciones de quienes se sentaban a las mesas alrededor de la nuestra. A veces sent\u00edamos la necesidad de confirmar nuestras intuiciones y yo preguntaba educadamente y sonre\u00eda a mi madre seg\u00fan la respuesta obtenida. M\u00e1s adelante en la vida escuch\u00e9 la expresi\u00f3n <\/span><i><span style=\"font-weight: 400;\">people-watching <\/span><\/i><span style=\"font-weight: 400;\">y entend\u00ed que exactamente eso es lo que hac\u00edamos.<\/span><\/p>\n<p><span style=\"font-weight: 400;\">Todav\u00eda practico ese juego, pero con mi c\u00e1mara, y me he dado cuenta de cu\u00e1nto prefiero no saber la respuesta, a\u00fan admitiendo que, por curiosidad, me descubro elucubrando sobre las vidas de los transe\u00fantes.<\/span><\/p>\n<p><span style=\"font-weight: 400;\">Siento una atracci\u00f3n permanente por el mundo femenino, por su diversidad de expresiones y por sus m\u00faltiples est\u00e9ticas en toda la amplitud de la vida. Ni\u00f1as que juegan y corretean y ancianas primorosamente arregladas; detalles de j\u00f3venes que revelan u ocultan por instantes manos, piernas o pies en gestos sutiles o se ven capturadas en momentos de intimidad a trav\u00e9s de puertas entreabiertas o ventanas indiscretas. Incluso en aquellas im\u00e1genes en las que la figura de una mujer est\u00e1 ausente, la presencia femenina es siempre patente.\u00a0<\/span><\/p>\n<p><span style=\"font-weight: 400;\">En esta selecci\u00f3n de fotos de alg\u00fan modo he querido imaginar la vida de una mujer, de su infancia a la vejez. Supongo que las cercan\u00edsimas relaciones que he mantenido con mi madre y mantengo con mi hija me han llevado a explorar el universo femenino. Me encantar\u00eda que este trabajo se percibiera como una peque\u00f1a oda a ambas.\u00a0<\/span><\/p>\n<p><span style=\"font-weight: 400;\">\u00a0<\/span><\/p>\n<p><span style=\"font-weight: 400;\">Orietta Gelardin Spinola<\/span><\/p>\n","protected":false},"excerpt":{"rendered":"<p>Con frecuencia recuerdo vivamente y con gran nostalgia los d\u00edas de adolescente en los que, sentada junto a mi madre en Al Biscione Caf\u00e9 de Roma, nos entreten\u00edamos intentando adivinar las nacionalidades y\/o ocupaciones de quienes se sentaban a las mesas alrededor de la nuestra. A veces sent\u00edamos la necesidad de confirmar nuestras intuiciones y yo preguntaba educadamente y sonre\u00eda a mi madre seg\u00fan la respuesta obtenida. M\u00e1s adelante en la vida escuch\u00e9 la expresi\u00f3n people-watching y entend\u00ed que exactamente eso es lo que hac\u00edamos. Todav\u00eda practico ese juego, pero con mi c\u00e1mara, y me he dado cuenta de cu\u00e1nto prefiero no saber la respuesta, a\u00fan admitiendo que, por curiosidad, me descubro elucubrando sobre las vidas de los transe\u00fantes. Siento una atracci\u00f3n permanente por el mundo femenino, por su diversidad de expresiones y por sus m\u00faltiples est\u00e9ticas en toda la amplitud de la vida. Ni\u00f1as que juegan y corretean y ancianas primorosamente arregladas; detalles de j\u00f3venes que revelan u ocultan por instantes manos, piernas o pies en gestos sutiles o se ven capturadas en momentos de intimidad a trav\u00e9s de puertas entreabiertas o ventanas indiscretas. Incluso en aquellas im\u00e1genes en las que la figura de una mujer est\u00e1 ausente, la presencia femenina es siempre patente.\u00a0 En esta selecci\u00f3n de fotos de alg\u00fan modo he querido imaginar la vida de una mujer, de su infancia a la vejez. Supongo que las cercan\u00edsimas relaciones que he mantenido con mi madre y mantengo con mi hija me han llevado a explorar el universo femenino. Me encantar\u00eda que este trabajo se percibiera como una peque\u00f1a oda a ambas.\u00a0 \u00a0 Orietta Gelardin Spinola<\/p>\n","protected":false},"featured_media":87,"template":"","meta":[],"product_brand":[],"product_cat":[26],"product_tag":[],"class_list":{"0":"post-86","1":"product","2":"type-product","3":"status-publish","4":"has-post-thumbnail","6":"product_cat-photo","8":"first","9":"outofstock","10":"shipping-taxable","11":"purchasable","12":"product-type-simple"},"_links":{"self":[{"href":"https:\/\/underexpose.org\/index.php?rest_route=\/wp\/v2\/product\/86","targetHints":{"allow":["GET"]}}],"collection":[{"href":"https:\/\/underexpose.org\/index.php?rest_route=\/wp\/v2\/product"}],"about":[{"href":"https:\/\/underexpose.org\/index.php?rest_route=\/wp\/v2\/types\/product"}],"wp:featuredmedia":[{"embeddable":true,"href":"https:\/\/underexpose.org\/index.php?rest_route=\/wp\/v2\/media\/87"}],"wp:attachment":[{"href":"https:\/\/underexpose.org\/index.php?rest_route=%2Fwp%2Fv2%2Fmedia&parent=86"}],"wp:term":[{"taxonomy":"product_brand","embeddable":true,"href":"https:\/\/underexpose.org\/index.php?rest_route=%2Fwp%2Fv2%2Fproduct_brand&post=86"},{"taxonomy":"product_cat","embeddable":true,"href":"https:\/\/underexpose.org\/index.php?rest_route=%2Fwp%2Fv2%2Fproduct_cat&post=86"},{"taxonomy":"product_tag","embeddable":true,"href":"https:\/\/underexpose.org\/index.php?rest_route=%2Fwp%2Fv2%2Fproduct_tag&post=86"}],"curies":[{"name":"wp","href":"https:\/\/api.w.org\/{rel}","templated":true}]}}