{"id":84,"date":"2025-05-17T14:57:29","date_gmt":"2025-05-17T14:57:29","guid":{"rendered":"https:\/\/underexpose.org\/?post_type=product&#038;p=84"},"modified":"2025-05-18T15:43:59","modified_gmt":"2025-05-18T15:43:59","slug":"no9-reapertura-del-rastro-por-luis-hidalgo","status":"publish","type":"product","link":"https:\/\/underexpose.org\/?product=no9-reapertura-del-rastro-por-luis-hidalgo","title":{"rendered":"n\u00ba9 \u00abReapertura del Rastro\u00bb por Lu\u00eds Hidalgo"},"content":{"rendered":"<p><span style=\"font-weight: 400;\">Los objetos tambi\u00e9n tienen intenci\u00f3n de jubilarse, \u00bfsabes?<\/span><\/p>\n<p><span style=\"font-weight: 400;\">Y no les sienta bien volver al trabajo en la calle despu\u00e9s de pasar casi un a\u00f1o disfrutando de la paz de un almac\u00e9n.<\/span><\/p>\n<p><span style=\"font-weight: 400;\">Aquel d\u00eda, el 22 de noviembre de 2020, a todos, comerciantes y objetos, se les hizo raro el regreso al Rastro de Madrid.\u00a0<\/span><\/p>\n<p><span style=\"font-weight: 400;\">Hasta marzo de 2020, cuando se expandi\u00f3 el COVID-19 por Madrid, en toda la historia del Rastro de Madrid no hab\u00eda habido un solo domingo en que sus puestos no se hubiesen esparcido por los alrededores de Ribera de Curtidores, la plaza de Cascorro y las cercan\u00edas de la Puerta de Toledo.<\/span><\/p>\n<p><span style=\"font-weight: 400;\">Probablemente, en su reapertura, el Rastro ya no conservaba esa antigua cotidianeidad construida domingo tras domingo desde 1740, pero como todo este a\u00f1o, ha ganado un nuevo aspecto cotidiano, una imagen parecida a su estado previo pero no del todo en esta \u201cnueva normalidad\u201d.<\/span><\/p>\n<p><a href=\"https:\/\/www.instagram.com\/luhidalmen\/?hl=es\"><span style=\"font-weight: 400;\">Lu\u00eds Hidalgo<\/span><\/a><\/p>\n","protected":false},"excerpt":{"rendered":"<p>Los objetos tambi\u00e9n tienen intenci\u00f3n de jubilarse, \u00bfsabes? Y no les sienta bien volver al trabajo en la calle despu\u00e9s de pasar casi un a\u00f1o disfrutando de la paz de un almac\u00e9n. Aquel d\u00eda, el 22 de noviembre de 2020, a todos, comerciantes y objetos, se les hizo raro el regreso al Rastro de Madrid.\u00a0 Hasta marzo de 2020, cuando se expandi\u00f3 el COVID-19 por Madrid, en toda la historia del Rastro de Madrid no hab\u00eda habido un solo domingo en que sus puestos no se hubiesen esparcido por los alrededores de Ribera de Curtidores, la plaza de Cascorro y las cercan\u00edas de la Puerta de Toledo. Probablemente, en su reapertura, el Rastro ya no conservaba esa antigua cotidianeidad construida domingo tras domingo desde 1740, pero como todo este a\u00f1o, ha ganado un nuevo aspecto cotidiano, una imagen parecida a su estado previo pero no del todo en esta \u201cnueva normalidad\u201d. Lu\u00eds Hidalgo<\/p>\n","protected":false},"featured_media":85,"template":"","meta":[],"product_brand":[],"product_cat":[26],"product_tag":[],"class_list":{"0":"post-84","1":"product","2":"type-product","3":"status-publish","4":"has-post-thumbnail","6":"product_cat-photo","8":"first","9":"instock","10":"shipping-taxable","11":"purchasable","12":"product-type-simple"},"_links":{"self":[{"href":"https:\/\/underexpose.org\/index.php?rest_route=\/wp\/v2\/product\/84","targetHints":{"allow":["GET"]}}],"collection":[{"href":"https:\/\/underexpose.org\/index.php?rest_route=\/wp\/v2\/product"}],"about":[{"href":"https:\/\/underexpose.org\/index.php?rest_route=\/wp\/v2\/types\/product"}],"wp:featuredmedia":[{"embeddable":true,"href":"https:\/\/underexpose.org\/index.php?rest_route=\/wp\/v2\/media\/85"}],"wp:attachment":[{"href":"https:\/\/underexpose.org\/index.php?rest_route=%2Fwp%2Fv2%2Fmedia&parent=84"}],"wp:term":[{"taxonomy":"product_brand","embeddable":true,"href":"https:\/\/underexpose.org\/index.php?rest_route=%2Fwp%2Fv2%2Fproduct_brand&post=84"},{"taxonomy":"product_cat","embeddable":true,"href":"https:\/\/underexpose.org\/index.php?rest_route=%2Fwp%2Fv2%2Fproduct_cat&post=84"},{"taxonomy":"product_tag","embeddable":true,"href":"https:\/\/underexpose.org\/index.php?rest_route=%2Fwp%2Fv2%2Fproduct_tag&post=84"}],"curies":[{"name":"wp","href":"https:\/\/api.w.org\/{rel}","templated":true}]}}