{"id":82,"date":"2025-05-17T14:56:16","date_gmt":"2025-05-17T14:56:16","guid":{"rendered":"https:\/\/underexpose.org\/?post_type=product&#038;p=82"},"modified":"2025-05-18T15:39:40","modified_gmt":"2025-05-18T15:39:40","slug":"no8-jazz-la-luz-entre-las-sombras-por-pepe-ainsua","status":"publish","type":"product","link":"https:\/\/underexpose.org\/?product=no8-jazz-la-luz-entre-las-sombras-por-pepe-ainsua","title":{"rendered":"n\u00ba8 \u00abJazz, la luz entre las sombras\u00bb por Pepe Ainsua"},"content":{"rendered":"<p><span style=\"font-weight: 400;\">El Jazz es un tipo de m\u00fasica de dif\u00edcil comprensi\u00f3n para mucha gente que por una determinada predisposici\u00f3n no se adentran en esa m\u00fasica, ni en los espacios en los que se escucha.<\/span><\/p>\n<p><span style=\"font-weight: 400;\">En los \u00faltimos a\u00f1os la encontramos por doquier, son m\u00faltiples las escuelas de jazz que diseminadas por toda la geograf\u00eda nacional adentran desde peque\u00f1os a nuestros ni\u00f1os en los secretos de esta m\u00fasica,\u00a0 y el uso de sus instrumentos.<\/span><\/p>\n<p><span style=\"font-weight: 400;\">La fotograf\u00eda de jazz es un g\u00e9nero en s\u00ed mismo dentro de la fotograf\u00eda de conciertos. Acostumbrados a ver fotos de escenarios inmensos con una escenograf\u00eda de luces de impresi\u00f3n en conciertos, las de jazz carecen, salvo excepciones, de una iluminaci\u00f3n cuidada que produzca ese tipo de fotograf\u00edas. Es por eso que los fot\u00f3grafos de jazz estamos m\u00e1s que en la luz, en las sombras, o mejor dicho intentando ver luz entre la sombra. Nos movemos m\u00e1s en un terreno en el que lidiar con las luces de la sala es un reto para la producci\u00f3n fotogr\u00e1fica. Todos nos hemos encontrado superados por los elementos, dejando la c\u00e1mara en la bolsa, abandonandonos exclusivamente a la experiencia musical. Pero ese reto hace que en muchos casos obtengamos instant\u00e1neas que reflejan claramente el ambiente de la sala. Agazapados, pegados al visor, esperando que pase algo en el escenario, porque el objetivo es captar la emoci\u00f3n del m\u00fasico en ese momento \u00fanico que lo lleva a una experiencia m\u00edstica, y nosotros queremos tener esa instant\u00e1nea.\u00a0 Es ese otro de los elementos caracter\u00edsticos de la fotograf\u00eda de jazz, la emoci\u00f3n. Si no somos capaces de hacer vivir esa emoci\u00f3n en nuestra fotograf\u00eda, esta no dejar\u00e1 de ser una mera fotograf\u00eda documental.<\/span><\/p>\n<p><a href=\"https:\/\/www.instagram.com\/painsua\/\"><span style=\"font-weight: 400;\">Pepe Ainsua<\/span><\/a><\/p>\n","protected":false},"excerpt":{"rendered":"<p>El Jazz es un tipo de m\u00fasica de dif\u00edcil comprensi\u00f3n para mucha gente que por una determinada predisposici\u00f3n no se adentran en esa m\u00fasica, ni en los espacios en los que se escucha. En los \u00faltimos a\u00f1os la encontramos por doquier, son m\u00faltiples las escuelas de jazz que diseminadas por toda la geograf\u00eda nacional adentran desde peque\u00f1os a nuestros ni\u00f1os en los secretos de esta m\u00fasica,\u00a0 y el uso de sus instrumentos. La fotograf\u00eda de jazz es un g\u00e9nero en s\u00ed mismo dentro de la fotograf\u00eda de conciertos. Acostumbrados a ver fotos de escenarios inmensos con una escenograf\u00eda de luces de impresi\u00f3n en conciertos, las de jazz carecen, salvo excepciones, de una iluminaci\u00f3n cuidada que produzca ese tipo de fotograf\u00edas. Es por eso que los fot\u00f3grafos de jazz estamos m\u00e1s que en la luz, en las sombras, o mejor dicho intentando ver luz entre la sombra. Nos movemos m\u00e1s en un terreno en el que lidiar con las luces de la sala es un reto para la producci\u00f3n fotogr\u00e1fica. Todos nos hemos encontrado superados por los elementos, dejando la c\u00e1mara en la bolsa, abandonandonos exclusivamente a la experiencia musical. Pero ese reto hace que en muchos casos obtengamos instant\u00e1neas que reflejan claramente el ambiente de la sala. Agazapados, pegados al visor, esperando que pase algo en el escenario, porque el objetivo es captar la emoci\u00f3n del m\u00fasico en ese momento \u00fanico que lo lleva a una experiencia m\u00edstica, y nosotros queremos tener esa instant\u00e1nea.\u00a0 Es ese otro de los elementos caracter\u00edsticos de la fotograf\u00eda de jazz, la emoci\u00f3n. Si no somos capaces de hacer vivir esa emoci\u00f3n en nuestra fotograf\u00eda, esta no dejar\u00e1 de ser una mera fotograf\u00eda documental. Pepe Ainsua<\/p>\n","protected":false},"featured_media":83,"template":"","meta":[],"product_brand":[],"product_cat":[26],"product_tag":[],"class_list":{"0":"post-82","1":"product","2":"type-product","3":"status-publish","4":"has-post-thumbnail","6":"product_cat-photo","8":"first","9":"instock","10":"shipping-taxable","11":"purchasable","12":"product-type-simple"},"_links":{"self":[{"href":"https:\/\/underexpose.org\/index.php?rest_route=\/wp\/v2\/product\/82","targetHints":{"allow":["GET"]}}],"collection":[{"href":"https:\/\/underexpose.org\/index.php?rest_route=\/wp\/v2\/product"}],"about":[{"href":"https:\/\/underexpose.org\/index.php?rest_route=\/wp\/v2\/types\/product"}],"wp:featuredmedia":[{"embeddable":true,"href":"https:\/\/underexpose.org\/index.php?rest_route=\/wp\/v2\/media\/83"}],"wp:attachment":[{"href":"https:\/\/underexpose.org\/index.php?rest_route=%2Fwp%2Fv2%2Fmedia&parent=82"}],"wp:term":[{"taxonomy":"product_brand","embeddable":true,"href":"https:\/\/underexpose.org\/index.php?rest_route=%2Fwp%2Fv2%2Fproduct_brand&post=82"},{"taxonomy":"product_cat","embeddable":true,"href":"https:\/\/underexpose.org\/index.php?rest_route=%2Fwp%2Fv2%2Fproduct_cat&post=82"},{"taxonomy":"product_tag","embeddable":true,"href":"https:\/\/underexpose.org\/index.php?rest_route=%2Fwp%2Fv2%2Fproduct_tag&post=82"}],"curies":[{"name":"wp","href":"https:\/\/api.w.org\/{rel}","templated":true}]}}