{"id":78,"date":"2025-05-17T14:51:42","date_gmt":"2025-05-17T14:51:42","guid":{"rendered":"https:\/\/underexpose.org\/?post_type=product&#038;p=78"},"modified":"2025-05-18T15:25:48","modified_gmt":"2025-05-18T15:25:48","slug":"no6-fragmentos-de-un-enunciado-por-martin-molinero","status":"publish","type":"product","link":"https:\/\/underexpose.org\/?product=no6-fragmentos-de-un-enunciado-por-martin-molinero","title":{"rendered":"n\u00ba6 \u00abFragmentos de un enunciado\u00bb por Mart\u00edn Molinero"},"content":{"rendered":"<p><span style=\"font-weight: 400;\">Se ha dicho que las ciudades son como un gran teatro, el \u00abteatro del mundo\u00bb donde tragedias, comedias y tragicomedias, interpretadas por actores an\u00f3nimos, se desarrollan en una especie de gigantesco anfiteatro. El espacio p\u00fablico re\u00fane en un mismo e inmenso escenario una heterog\u00e9nea gama de personajes e identidades, amalgamas y yuxtaposiciones que la densidad de poblaci\u00f3n y el anonimato no hacen m\u00e1s que multiplicar. Todos, al fin y al cabo, representamos diversos papeles, a veces intercambiables. En un giro que podr\u00eda convertirse en una regresi\u00f3n al infinito, incluso algunos interpretan el papel de espectadores, y as\u00ed el <\/span><i><span style=\"font-weight: 400;\">fl\u00e2neur<\/span><\/i><span style=\"font-weight: 400;\">, el <\/span><i><span style=\"font-weight: 400;\">bystander<\/span><\/i><span style=\"font-weight: 400;\">, el paseante ocioso que recorre las calles de la ciudad se maravilla al asistir al espect\u00e1culo de aquella mir\u00edada de fragmentarias representaciones cotidianas.<\/span><\/p>\n<p><span style=\"font-weight: 400;\">Dice Roland Barthes, parafraseando a Victor Hugo: \u00abLa ciudad es una escritura; quien se desplaza por la ciudad, es decir, el usuario de la ciudad (que somos todos) es una especie de lector que, seg\u00fan sus obligaciones y desplazamientos, a\u00edsla fragmentos del enunciado para actualizarlos secretamente\u00bb.\u00a0<\/span><\/p>\n<p><span style=\"font-weight: 400;\">Caminar por la ciudad, observar sus edificios, sus carteles y marquesinas, pasear entre los transe\u00fantes, recorrer sus calles y escuchar sus sonidos se asemeja a presenciar una inmensa y ca\u00f3tica obra de teatro y es tambi\u00e9n una forma de lectura.\u00a0<\/span><\/p>\n<p><span style=\"font-weight: 400;\">Este <\/span><i><span style=\"font-weight: 400;\">zine<\/span><\/i><span style=\"font-weight: 400;\"> re\u00fane 18 fotos tomadas en dos ciudades espa\u00f1olas, Barcelona y Madrid. Dos ciudades que peri\u00f3dicamente, a lo largo de la \u00faltima d\u00e9cada, he caminado interpretando el papel de espectador. Dos ciudades cuya escritura he le\u00eddo y contin\u00fao leyendo, subrayando aqu\u00ed y all\u00ed pasajes que han despertado mi inter\u00e9s, para poder volver a leerlos en el futuro. Dos ciudades, dos teatros del mundo, dos escrituras, 18 fragmentos de un mismo e inagotable enunciado.<\/span><\/p>\n<p><a href=\"https:\/\/www.instagram.com\/_martinmolinero_\/\"><span style=\"font-weight: 400;\">Mart\u00edn Molinero<\/span><\/a><\/p>\n","protected":false},"excerpt":{"rendered":"<p>Se ha dicho que las ciudades son como un gran teatro, el \u00abteatro del mundo\u00bb donde tragedias, comedias y tragicomedias, interpretadas por actores an\u00f3nimos, se desarrollan en una especie de gigantesco anfiteatro. El espacio p\u00fablico re\u00fane en un mismo e inmenso escenario una heterog\u00e9nea gama de personajes e identidades, amalgamas y yuxtaposiciones que la densidad de poblaci\u00f3n y el anonimato no hacen m\u00e1s que multiplicar. Todos, al fin y al cabo, representamos diversos papeles, a veces intercambiables. En un giro que podr\u00eda convertirse en una regresi\u00f3n al infinito, incluso algunos interpretan el papel de espectadores, y as\u00ed el fl\u00e2neur, el bystander, el paseante ocioso que recorre las calles de la ciudad se maravilla al asistir al espect\u00e1culo de aquella mir\u00edada de fragmentarias representaciones cotidianas. Dice Roland Barthes, parafraseando a Victor Hugo: \u00abLa ciudad es una escritura; quien se desplaza por la ciudad, es decir, el usuario de la ciudad (que somos todos) es una especie de lector que, seg\u00fan sus obligaciones y desplazamientos, a\u00edsla fragmentos del enunciado para actualizarlos secretamente\u00bb.\u00a0 Caminar por la ciudad, observar sus edificios, sus carteles y marquesinas, pasear entre los transe\u00fantes, recorrer sus calles y escuchar sus sonidos se asemeja a presenciar una inmensa y ca\u00f3tica obra de teatro y es tambi\u00e9n una forma de lectura.\u00a0 Este zine re\u00fane 18 fotos tomadas en dos ciudades espa\u00f1olas, Barcelona y Madrid. Dos ciudades que peri\u00f3dicamente, a lo largo de la \u00faltima d\u00e9cada, he caminado interpretando el papel de espectador. Dos ciudades cuya escritura he le\u00eddo y contin\u00fao leyendo, subrayando aqu\u00ed y all\u00ed pasajes que han despertado mi inter\u00e9s, para poder volver a leerlos en el futuro. Dos ciudades, dos teatros del mundo, dos escrituras, 18 fragmentos de un mismo e inagotable enunciado. Mart\u00edn Molinero<\/p>\n","protected":false},"featured_media":79,"template":"","meta":[],"product_brand":[],"product_cat":[26],"product_tag":[],"class_list":{"0":"post-78","1":"product","2":"type-product","3":"status-publish","4":"has-post-thumbnail","6":"product_cat-photo","8":"first","9":"instock","10":"shipping-taxable","11":"purchasable","12":"product-type-simple"},"_links":{"self":[{"href":"https:\/\/underexpose.org\/index.php?rest_route=\/wp\/v2\/product\/78","targetHints":{"allow":["GET"]}}],"collection":[{"href":"https:\/\/underexpose.org\/index.php?rest_route=\/wp\/v2\/product"}],"about":[{"href":"https:\/\/underexpose.org\/index.php?rest_route=\/wp\/v2\/types\/product"}],"wp:featuredmedia":[{"embeddable":true,"href":"https:\/\/underexpose.org\/index.php?rest_route=\/wp\/v2\/media\/79"}],"wp:attachment":[{"href":"https:\/\/underexpose.org\/index.php?rest_route=%2Fwp%2Fv2%2Fmedia&parent=78"}],"wp:term":[{"taxonomy":"product_brand","embeddable":true,"href":"https:\/\/underexpose.org\/index.php?rest_route=%2Fwp%2Fv2%2Fproduct_brand&post=78"},{"taxonomy":"product_cat","embeddable":true,"href":"https:\/\/underexpose.org\/index.php?rest_route=%2Fwp%2Fv2%2Fproduct_cat&post=78"},{"taxonomy":"product_tag","embeddable":true,"href":"https:\/\/underexpose.org\/index.php?rest_route=%2Fwp%2Fv2%2Fproduct_tag&post=78"}],"curies":[{"name":"wp","href":"https:\/\/api.w.org\/{rel}","templated":true}]}}