{"id":69,"date":"2025-05-17T14:40:52","date_gmt":"2025-05-17T14:40:52","guid":{"rendered":"https:\/\/underexpose.org\/?post_type=product&#038;p=69"},"modified":"2025-05-18T14:45:01","modified_gmt":"2025-05-18T14:45:01","slug":"no1-los-olvidados-por-victor-gualda","status":"publish","type":"product","link":"https:\/\/underexpose.org\/?product=no1-los-olvidados-por-victor-gualda","title":{"rendered":"n\u00ba1 \u00abLos Olvidados\u00bb por V\u00edctor Gualda"},"content":{"rendered":"<p><i><span style=\"font-weight: 400;\">LOS OLVIDADOS<\/span><\/i><\/p>\n<p><i><span style=\"font-weight: 400;\">Jaibo.- \u2026pues la comida no estaba tan peor, adem\u00e1s yo agarr\u00e9 la mejor cama, pero por siempre es mejor la calle<\/span><\/i> <i><span style=\"font-weight: 400;\">(\u2026) Los olvidados (Luis Bu\u00f1uel)<\/span><\/i><\/p>\n<p><span style=\"font-weight: 400;\">Mientras Madrid agoniza lentamente a la espera de la p\u00f3cima que la vuelva a resucitar, mientras los pol\u00edticos vomitan intenciones, pero no soluciones, mientras los ciudadanos con carnet, se lamentan de las injusticias de postureo de moda, un peque\u00f1o grupo de valientes an\u00f3nimos e indocumentados siguen luchando por sobrevivir cada d\u00eda en las peores condiciones.\u00a0<\/span><\/p>\n<p><span style=\"font-weight: 400;\">Estos superh\u00e9roes y superhero\u00ednas que transitan desapercibidos por las calles de cada ciudad, fagocitados por la masa de turistas y por las luces de ne\u00f3n de las tiendas o la festividad de temporada, han aparecido de la nada en estos tiempos, ante los ojos de muchos, pero la realidad es que siempre estuvieron ah\u00ed, busc\u00e1ndose la vida como buena o malamente pudieron. Antes, durante y despu\u00e9s de la pandemia, han luchado por sobrevivir hasta las \u00faltimas consecuencias, hasta el \u00faltimo aliento. A veces mejor, otras peor, pero siempre con la calle como escenario. An\u00f3nimos actores protagonistas a los que hip\u00f3critas tertulianos de sal\u00f3n desprecian en silencio, porque es pol\u00edticamente incorrecto hacerlo en p\u00fablico y piensan que eso es suficiente para salvar sus almas y poder contar con orgullo, lo buenas personas que son.\u00a0<\/span><\/p>\n<p><span style=\"font-weight: 400;\">La realidad que muchos tratan de ocultar bajo el palio de la religi\u00f3n, la raza, la orientaci\u00f3n sexual o el dinero, es que todos somos iguales, o acaso no nacemos, lloramos, re\u00edmos, somos orgullosos o vanidosos, nos enfadamos cuando somos despreciados, tenemos miedos que nos atenazan, cualidades ocultas, v\u00edctimas de nuestro propio destino\u2026 hasta que todos, sin excepci\u00f3n, morimos. Aunque a muchos les joda, los olvidados estaban, est\u00e1n y seguir\u00e1n estando ah\u00ed, para demostrar que somos una sociedad fallida. Y si no me crees, sal a la calle y abre por una vez los ojos.<\/span><\/p>\n<p><span style=\"font-weight: 400;\">\u00a0<\/span><\/p>\n","protected":false},"excerpt":{"rendered":"<p>LOS OLVIDADOS Jaibo.- \u2026pues la comida no estaba tan peor, adem\u00e1s yo agarr\u00e9 la mejor cama, pero por siempre es mejor la calle (\u2026) Los olvidados (Luis Bu\u00f1uel) Mientras Madrid agoniza lentamente a la espera de la p\u00f3cima que la vuelva a resucitar, mientras los pol\u00edticos vomitan intenciones, pero no soluciones, mientras los ciudadanos con carnet, se lamentan de las injusticias de postureo de moda, un peque\u00f1o grupo de valientes an\u00f3nimos e indocumentados siguen luchando por sobrevivir cada d\u00eda en las peores condiciones.\u00a0 Estos superh\u00e9roes y superhero\u00ednas que transitan desapercibidos por las calles de cada ciudad, fagocitados por la masa de turistas y por las luces de ne\u00f3n de las tiendas o la festividad de temporada, han aparecido de la nada en estos tiempos, ante los ojos de muchos, pero la realidad es que siempre estuvieron ah\u00ed, busc\u00e1ndose la vida como buena o malamente pudieron. Antes, durante y despu\u00e9s de la pandemia, han luchado por sobrevivir hasta las \u00faltimas consecuencias, hasta el \u00faltimo aliento. A veces mejor, otras peor, pero siempre con la calle como escenario. An\u00f3nimos actores protagonistas a los que hip\u00f3critas tertulianos de sal\u00f3n desprecian en silencio, porque es pol\u00edticamente incorrecto hacerlo en p\u00fablico y piensan que eso es suficiente para salvar sus almas y poder contar con orgullo, lo buenas personas que son.\u00a0 La realidad que muchos tratan de ocultar bajo el palio de la religi\u00f3n, la raza, la orientaci\u00f3n sexual o el dinero, es que todos somos iguales, o acaso no nacemos, lloramos, re\u00edmos, somos orgullosos o vanidosos, nos enfadamos cuando somos despreciados, tenemos miedos que nos atenazan, cualidades ocultas, v\u00edctimas de nuestro propio destino\u2026 hasta que todos, sin excepci\u00f3n, morimos. Aunque a muchos les joda, los olvidados estaban, est\u00e1n y seguir\u00e1n estando ah\u00ed, para demostrar que somos una sociedad fallida. Y si no me crees, sal a la calle y abre por una vez los ojos. \u00a0<\/p>\n","protected":false},"featured_media":64,"template":"","meta":[],"product_brand":[],"product_cat":[26],"product_tag":[],"class_list":{"0":"post-69","1":"product","2":"type-product","3":"status-publish","4":"has-post-thumbnail","6":"product_cat-photo","8":"first","9":"instock","10":"shipping-taxable","11":"purchasable","12":"product-type-simple"},"_links":{"self":[{"href":"https:\/\/underexpose.org\/index.php?rest_route=\/wp\/v2\/product\/69","targetHints":{"allow":["GET"]}}],"collection":[{"href":"https:\/\/underexpose.org\/index.php?rest_route=\/wp\/v2\/product"}],"about":[{"href":"https:\/\/underexpose.org\/index.php?rest_route=\/wp\/v2\/types\/product"}],"wp:featuredmedia":[{"embeddable":true,"href":"https:\/\/underexpose.org\/index.php?rest_route=\/wp\/v2\/media\/64"}],"wp:attachment":[{"href":"https:\/\/underexpose.org\/index.php?rest_route=%2Fwp%2Fv2%2Fmedia&parent=69"}],"wp:term":[{"taxonomy":"product_brand","embeddable":true,"href":"https:\/\/underexpose.org\/index.php?rest_route=%2Fwp%2Fv2%2Fproduct_brand&post=69"},{"taxonomy":"product_cat","embeddable":true,"href":"https:\/\/underexpose.org\/index.php?rest_route=%2Fwp%2Fv2%2Fproduct_cat&post=69"},{"taxonomy":"product_tag","embeddable":true,"href":"https:\/\/underexpose.org\/index.php?rest_route=%2Fwp%2Fv2%2Fproduct_tag&post=69"}],"curies":[{"name":"wp","href":"https:\/\/api.w.org\/{rel}","templated":true}]}}