{"id":143,"date":"2025-05-17T16:10:54","date_gmt":"2025-05-17T16:10:54","guid":{"rendered":"https:\/\/underexpose.org\/?post_type=product&#038;p=143"},"modified":"2025-05-18T17:32:07","modified_gmt":"2025-05-18T17:32:07","slug":"no24-historias-del-metro-por-chus-martin","status":"publish","type":"product","link":"https:\/\/underexpose.org\/?product=no24-historias-del-metro-por-chus-martin","title":{"rendered":"n\u00ba24 \u00abHistorias del metro\u00bb por Chus Martin"},"content":{"rendered":"<p><span style=\"font-weight: 400;\">ulio 2015. Dos se\u00f1oras entran en el vag\u00f3n y se sientan justo enfrente. Tomo una foto discretamente con el m\u00f3vil &#8211;\u00a0<\/span><i><span style=\"font-weight: 400;\">s\u00ed, tiene que ser en blanco y negro, me lo pide<\/span><\/i><span style=\"font-weight: 400;\">. La subo a Instagram antes de que termine el viaje.<\/span><\/p>\n<p><span style=\"font-weight: 400;\">\u00a0<\/span><\/p>\n<p><span style=\"font-weight: 400;\">Me hab\u00eda propuesto hacer al menos una foto al d\u00eda y no era la primera vez que lo que hab\u00eda llamado mi atenci\u00f3n ocurr\u00eda en el suburbano (al ir a trabajar en transporte p\u00fablico, el tiempo muerto del metro era perfecto para ello). Pero cuando sub\u00ed esa foto, algo se me qued\u00f3 rondando por la cabeza. Y una foto sigui\u00f3 a otra, siempre disparadas con el m\u00f3vil y compartidas en el momento. As\u00ed nace la serie \u00abHistorias del metro\u00bb, que siete a\u00f1os y una infinidad de fotos despu\u00e9s, al fin salta de la pantalla a las p\u00e1ginas de un fanzine.<\/span><\/p>\n<p><span style=\"font-weight: 400;\">\u00a0<\/span><\/p>\n<p><span style=\"font-weight: 400;\">Como escribi\u00f3 Marc Aug\u00e9 en su libro\u00a0<\/span><i><span style=\"font-weight: 400;\">El viajero subterr\u00e1neo. Un etn\u00f3logo en el metro<\/span><\/i><span style=\"font-weight: 400;\">: \u00ab[&#8230;] mis itinerarios son semejantes a los de los dem\u00e1s, con quienes me codeo cotidianamente en el metro sin saber a qu\u00e9 colegio han ido, d\u00f3nde vivieron y trabajaron, quienes son y ad\u00f3nde van, siendo as\u00ed que en el momento mismo en que nuestras miradas se encuentran y se apartan, despu\u00e9s de haberse demorado a veces un instante, esas personas est\u00e1n tal vez, tambi\u00e9n ellas, tratando de establecer un balance, de recapitular una situaci\u00f3n o \u00bfqui\u00e9n sabe? de abordar un cambio de vida y, accesoriamente, un cambio de l\u00ednea de metro<\/span><i><span style=\"font-weight: 400;\">\u00ab<\/span><\/i><span style=\"font-weight: 400;\">.<\/span><\/p>\n","protected":false},"excerpt":{"rendered":"<p>ulio 2015. Dos se\u00f1oras entran en el vag\u00f3n y se sientan justo enfrente. Tomo una foto discretamente con el m\u00f3vil &#8211;\u00a0s\u00ed, tiene que ser en blanco y negro, me lo pide. La subo a Instagram antes de que termine el viaje. \u00a0 Me hab\u00eda propuesto hacer al menos una foto al d\u00eda y no era la primera vez que lo que hab\u00eda llamado mi atenci\u00f3n ocurr\u00eda en el suburbano (al ir a trabajar en transporte p\u00fablico, el tiempo muerto del metro era perfecto para ello). Pero cuando sub\u00ed esa foto, algo se me qued\u00f3 rondando por la cabeza. Y una foto sigui\u00f3 a otra, siempre disparadas con el m\u00f3vil y compartidas en el momento. As\u00ed nace la serie \u00abHistorias del metro\u00bb, que siete a\u00f1os y una infinidad de fotos despu\u00e9s, al fin salta de la pantalla a las p\u00e1ginas de un fanzine. \u00a0 Como escribi\u00f3 Marc Aug\u00e9 en su libro\u00a0El viajero subterr\u00e1neo. Un etn\u00f3logo en el metro: \u00ab[&#8230;] mis itinerarios son semejantes a los de los dem\u00e1s, con quienes me codeo cotidianamente en el metro sin saber a qu\u00e9 colegio han ido, d\u00f3nde vivieron y trabajaron, quienes son y ad\u00f3nde van, siendo as\u00ed que en el momento mismo en que nuestras miradas se encuentran y se apartan, despu\u00e9s de haberse demorado a veces un instante, esas personas est\u00e1n tal vez, tambi\u00e9n ellas, tratando de establecer un balance, de recapitular una situaci\u00f3n o \u00bfqui\u00e9n sabe? de abordar un cambio de vida y, accesoriamente, un cambio de l\u00ednea de metro\u00ab.<\/p>\n","protected":false},"featured_media":144,"template":"","meta":[],"product_brand":[],"product_cat":[26],"product_tag":[],"class_list":{"0":"post-143","1":"product","2":"type-product","3":"status-publish","4":"has-post-thumbnail","6":"product_cat-photo","8":"first","9":"instock","10":"shipping-taxable","11":"purchasable","12":"product-type-simple"},"_links":{"self":[{"href":"https:\/\/underexpose.org\/index.php?rest_route=\/wp\/v2\/product\/143","targetHints":{"allow":["GET"]}}],"collection":[{"href":"https:\/\/underexpose.org\/index.php?rest_route=\/wp\/v2\/product"}],"about":[{"href":"https:\/\/underexpose.org\/index.php?rest_route=\/wp\/v2\/types\/product"}],"wp:featuredmedia":[{"embeddable":true,"href":"https:\/\/underexpose.org\/index.php?rest_route=\/wp\/v2\/media\/144"}],"wp:attachment":[{"href":"https:\/\/underexpose.org\/index.php?rest_route=%2Fwp%2Fv2%2Fmedia&parent=143"}],"wp:term":[{"taxonomy":"product_brand","embeddable":true,"href":"https:\/\/underexpose.org\/index.php?rest_route=%2Fwp%2Fv2%2Fproduct_brand&post=143"},{"taxonomy":"product_cat","embeddable":true,"href":"https:\/\/underexpose.org\/index.php?rest_route=%2Fwp%2Fv2%2Fproduct_cat&post=143"},{"taxonomy":"product_tag","embeddable":true,"href":"https:\/\/underexpose.org\/index.php?rest_route=%2Fwp%2Fv2%2Fproduct_tag&post=143"}],"curies":[{"name":"wp","href":"https:\/\/api.w.org\/{rel}","templated":true}]}}