{"id":139,"date":"2025-05-17T16:08:38","date_gmt":"2025-05-17T16:08:38","guid":{"rendered":"https:\/\/underexpose.org\/?post_type=product&#038;p=139"},"modified":"2025-05-19T16:45:14","modified_gmt":"2025-05-19T16:45:14","slug":"no22-robert-capa-estuvo-aqui-por-javi-camino","status":"publish","type":"product","link":"https:\/\/underexpose.org\/?product=no22-robert-capa-estuvo-aqui-por-javi-camino","title":{"rendered":"n\u00ba22 \u00abRobert Capa estuvo aqu\u00ed\u00bb por Javi Camino"},"content":{"rendered":"<p><span style=\"font-weight: 400;\">Durante el oto\u00f1o de 1936 se encontraba en Madrid cubriendo la guerra civil espa\u00f1ola el famoso reportero Robert Capa. Entre la multitud de fotos memorables que hizo, destaca la de unas ni\u00f1as jugando frente a una de las casas acribilladas de metralla por los bombardeos de la aviaci\u00f3n Italiana y Alemana en el madrile\u00f1o barrio de Entrev\u00edas. Esta casa sigue existiendo en la actualidad y se encuentra en el n\u00famero 10 de la calle Peironcely.<\/span><\/p>\n<p><span style=\"font-weight: 400;\">En la d\u00e9cada de los ochenta y gracias a la insistencia de la Fundaci\u00f3n Anastasio de Gracia, el Ayuntamiento de Madrid decidi\u00f3 adecentar el solar que separa la calle Peironcely de la iglesia San Carlos Borromeo. Se inaugur\u00f3 la Plaza del Fot\u00f3grafo Robert Capa, tratando as\u00ed de dignificar la memoria de este barrio. Pero toda historia tiene su cara A y su cara B.<\/span><\/p>\n<p><span style=\"font-weight: 400;\">Este proyecto quiere mostrar la otra batalla que se ha estado librando en este lugar hist\u00f3rico hasta octubre de este a\u00f1o. Con el paso de los a\u00f1os el solar se fue convirtiendo en un basurero, rodeado de furgonetas, muebles y desperdicios de todo tipo, donde hombres y mujeres viven su particular guerra, atrapados en trincheras invisibles.\u00a0<\/span><\/p>\n<p><span style=\"font-weight: 400;\">Javi Camino<\/span><\/p>\n","protected":false},"excerpt":{"rendered":"<p>Durante el oto\u00f1o de 1936 se encontraba en Madrid cubriendo la guerra civil espa\u00f1ola el famoso reportero Robert Capa. Entre la multitud de fotos memorables que hizo, destaca la de unas ni\u00f1as jugando frente a una de las casas acribilladas de metralla por los bombardeos de la aviaci\u00f3n Italiana y Alemana en el madrile\u00f1o barrio de Entrev\u00edas. Esta casa sigue existiendo en la actualidad y se encuentra en el n\u00famero 10 de la calle Peironcely. En la d\u00e9cada de los ochenta y gracias a la insistencia de la Fundaci\u00f3n Anastasio de Gracia, el Ayuntamiento de Madrid decidi\u00f3 adecentar el solar que separa la calle Peironcely de la iglesia San Carlos Borromeo. Se inaugur\u00f3 la Plaza del Fot\u00f3grafo Robert Capa, tratando as\u00ed de dignificar la memoria de este barrio. Pero toda historia tiene su cara A y su cara B. Este proyecto quiere mostrar la otra batalla que se ha estado librando en este lugar hist\u00f3rico hasta octubre de este a\u00f1o. Con el paso de los a\u00f1os el solar se fue convirtiendo en un basurero, rodeado de furgonetas, muebles y desperdicios de todo tipo, donde hombres y mujeres viven su particular guerra, atrapados en trincheras invisibles.\u00a0 Javi Camino<\/p>\n","protected":false},"featured_media":140,"template":"","meta":[],"product_brand":[],"product_cat":[26],"product_tag":[],"class_list":{"0":"post-139","1":"product","2":"type-product","3":"status-publish","4":"has-post-thumbnail","6":"product_cat-photo","8":"first","9":"instock","10":"shipping-taxable","11":"purchasable","12":"product-type-simple"},"_links":{"self":[{"href":"https:\/\/underexpose.org\/index.php?rest_route=\/wp\/v2\/product\/139","targetHints":{"allow":["GET"]}}],"collection":[{"href":"https:\/\/underexpose.org\/index.php?rest_route=\/wp\/v2\/product"}],"about":[{"href":"https:\/\/underexpose.org\/index.php?rest_route=\/wp\/v2\/types\/product"}],"wp:featuredmedia":[{"embeddable":true,"href":"https:\/\/underexpose.org\/index.php?rest_route=\/wp\/v2\/media\/140"}],"wp:attachment":[{"href":"https:\/\/underexpose.org\/index.php?rest_route=%2Fwp%2Fv2%2Fmedia&parent=139"}],"wp:term":[{"taxonomy":"product_brand","embeddable":true,"href":"https:\/\/underexpose.org\/index.php?rest_route=%2Fwp%2Fv2%2Fproduct_brand&post=139"},{"taxonomy":"product_cat","embeddable":true,"href":"https:\/\/underexpose.org\/index.php?rest_route=%2Fwp%2Fv2%2Fproduct_cat&post=139"},{"taxonomy":"product_tag","embeddable":true,"href":"https:\/\/underexpose.org\/index.php?rest_route=%2Fwp%2Fv2%2Fproduct_tag&post=139"}],"curies":[{"name":"wp","href":"https:\/\/api.w.org\/{rel}","templated":true}]}}