{"id":137,"date":"2025-05-17T16:07:12","date_gmt":"2025-05-17T16:07:12","guid":{"rendered":"https:\/\/underexpose.org\/?post_type=product&#038;p=137"},"modified":"2025-05-19T16:43:19","modified_gmt":"2025-05-19T16:43:19","slug":"no21-todos-nosotros-por-angel-pasos","status":"publish","type":"product","link":"https:\/\/underexpose.org\/?product=no21-todos-nosotros-por-angel-pasos","title":{"rendered":"n\u00ba21 \u00abTodos nosotros\u00bb por \u00c1ngel Pasos"},"content":{"rendered":"<p><span style=\"font-weight: 400;\">Esta poes\u00eda de Diego Muzzio me acompa\u00f1a desde hace a\u00f1os y representa a la perfecci\u00f3n lo que significa esta serie de fotos para mi. Cuando lo leo, siento como\u00a0todos nosotros, luchamos en la vida a pesar de tener la certeza de que siempre, m\u00e1s tarde o m\u00e1s temprano, saldremos derrotados.\u00a0<\/span><\/p>\n<p>&nbsp;<\/p>\n<p><span style=\"font-weight: 400;\">Me consta que todas las personas que aparecen en este zine luchan de una manera especial por mantenerse enteras, dignas y fuertes a trav\u00e9s de sus vidas, igual que esas casas desgastadas por el paso de tiempo, que siguen como pueden en pie a pesar de no haber recibido el cari\u00f1o o la atenci\u00f3n que todos necesitamos.<\/span><\/p>\n<p>&nbsp;<\/p>\n<p><span style=\"font-weight: 400;\">Ese verano nadie resucit\u00f3 en la casa,<\/span><\/p>\n<p><span style=\"font-weight: 400;\">\u00a0y nuestros cuerpos iban dejando escombros<\/span><\/p>\n<p><span style=\"font-weight: 400;\">A lo largo de los d\u00edas.\u00a0<\/span><\/p>\n<p><span style=\"font-weight: 400;\">El tiempo no era lo que imagin\u00e1bamos.\u00a0<\/span><\/p>\n<p><span style=\"font-weight: 400;\">La casa se ca\u00eda, irremediablemente,\u00a0<\/span><\/p>\n<p><span style=\"font-weight: 400;\">\u00a0y cada uno dorm\u00eda<\/span><\/p>\n<p><span style=\"font-weight: 400;\">\u00a0acurrucado en su recuerdo.<\/span><\/p>\n<p><span style=\"font-weight: 400;\">Todos con los brazos largos\u00a0<\/span><\/p>\n<p><span style=\"font-weight: 400;\">de cargar ata\u00fades,<\/span><\/p>\n<p><span style=\"font-weight: 400;\">con la misma pregunta<\/span><\/p>\n<p><span style=\"font-weight: 400;\">t\u00e1cita en los ojos.<\/span><\/p>\n<p><span style=\"font-weight: 400;\">Ese verano cada uno dej\u00f3<\/span><\/p>\n<p><span style=\"font-weight: 400;\">su esqueleto frente a una ventana,\u00a0<\/span><\/p>\n<p><span style=\"font-weight: 400;\">y nos fuimos de la casa<\/span><\/p>\n<p><span style=\"font-weight: 400;\">arrastrando ollas y frazadas,<\/span><\/p>\n<p><span style=\"font-weight: 400;\">un mont\u00f3n de fantasmas desarmados.<\/span><\/p>\n<p><span style=\"font-weight: 400;\">El tiempo no era lo que imagin\u00e1bamos.<\/span><\/p>\n<p><span style=\"font-weight: 400;\">Nosotros, tampoco.<\/span><\/p>\n<p>&nbsp;<\/p>\n<p><span style=\"font-weight: 400;\">\u00a0Diego Muzzio (La Casa)<\/span><\/p>\n<p>&nbsp;<\/p>\n<p><span style=\"font-weight: 400;\">Un texto de \u00c1ngel Pasos.\u00a0<\/span><\/p>\n<p>&nbsp;<\/p>\n","protected":false},"excerpt":{"rendered":"<p>Esta poes\u00eda de Diego Muzzio me acompa\u00f1a desde hace a\u00f1os y representa a la perfecci\u00f3n lo que significa esta serie de fotos para mi. Cuando lo leo, siento como\u00a0todos nosotros, luchamos en la vida a pesar de tener la certeza de que siempre, m\u00e1s tarde o m\u00e1s temprano, saldremos derrotados.\u00a0 &nbsp; Me consta que todas las personas que aparecen en este zine luchan de una manera especial por mantenerse enteras, dignas y fuertes a trav\u00e9s de sus vidas, igual que esas casas desgastadas por el paso de tiempo, que siguen como pueden en pie a pesar de no haber recibido el cari\u00f1o o la atenci\u00f3n que todos necesitamos. &nbsp; Ese verano nadie resucit\u00f3 en la casa, \u00a0y nuestros cuerpos iban dejando escombros A lo largo de los d\u00edas.\u00a0 El tiempo no era lo que imagin\u00e1bamos.\u00a0 La casa se ca\u00eda, irremediablemente,\u00a0 \u00a0y cada uno dorm\u00eda \u00a0acurrucado en su recuerdo. Todos con los brazos largos\u00a0 de cargar ata\u00fades, con la misma pregunta t\u00e1cita en los ojos. Ese verano cada uno dej\u00f3 su esqueleto frente a una ventana,\u00a0 y nos fuimos de la casa arrastrando ollas y frazadas, un mont\u00f3n de fantasmas desarmados. El tiempo no era lo que imagin\u00e1bamos. Nosotros, tampoco. &nbsp; \u00a0Diego Muzzio (La Casa) &nbsp; Un texto de \u00c1ngel Pasos.\u00a0 &nbsp;<\/p>\n","protected":false},"featured_media":138,"template":"","meta":[],"product_brand":[],"product_cat":[26],"product_tag":[],"class_list":{"0":"post-137","1":"product","2":"type-product","3":"status-publish","4":"has-post-thumbnail","6":"product_cat-photo","8":"first","9":"instock","10":"shipping-taxable","11":"purchasable","12":"product-type-simple"},"_links":{"self":[{"href":"https:\/\/underexpose.org\/index.php?rest_route=\/wp\/v2\/product\/137","targetHints":{"allow":["GET"]}}],"collection":[{"href":"https:\/\/underexpose.org\/index.php?rest_route=\/wp\/v2\/product"}],"about":[{"href":"https:\/\/underexpose.org\/index.php?rest_route=\/wp\/v2\/types\/product"}],"wp:featuredmedia":[{"embeddable":true,"href":"https:\/\/underexpose.org\/index.php?rest_route=\/wp\/v2\/media\/138"}],"wp:attachment":[{"href":"https:\/\/underexpose.org\/index.php?rest_route=%2Fwp%2Fv2%2Fmedia&parent=137"}],"wp:term":[{"taxonomy":"product_brand","embeddable":true,"href":"https:\/\/underexpose.org\/index.php?rest_route=%2Fwp%2Fv2%2Fproduct_brand&post=137"},{"taxonomy":"product_cat","embeddable":true,"href":"https:\/\/underexpose.org\/index.php?rest_route=%2Fwp%2Fv2%2Fproduct_cat&post=137"},{"taxonomy":"product_tag","embeddable":true,"href":"https:\/\/underexpose.org\/index.php?rest_route=%2Fwp%2Fv2%2Fproduct_tag&post=137"}],"curies":[{"name":"wp","href":"https:\/\/api.w.org\/{rel}","templated":true}]}}