{"id":133,"date":"2025-05-17T16:04:55","date_gmt":"2025-05-17T16:04:55","guid":{"rendered":"https:\/\/underexpose.org\/?post_type=product&#038;p=133"},"modified":"2025-05-19T16:35:42","modified_gmt":"2025-05-19T16:35:42","slug":"no19-la-sede-por-ernesto-p-sanz-e_rnst","status":"publish","type":"product","link":"https:\/\/underexpose.org\/?product=no19-la-sede-por-ernesto-p-sanz-e_rnst","title":{"rendered":"n\u00ba19  \u00abLa Sede\u00bb por Ernesto P. Sanz (e_rnst)"},"content":{"rendered":"<p><span style=\"font-weight: 400;\">Escrib\u00eda Karmelo Iribarren sobre los bares\u2026<\/span><\/p>\n<p><span style=\"font-weight: 400;\">\u2018Las ciudades se han puesto dif\u00edciles<\/span><\/p>\n<p><span style=\"font-weight: 400;\">\u00faltimamente,<\/span><\/p>\n<p><span style=\"font-weight: 400;\">son fr\u00edas<\/span><\/p>\n<p><span style=\"font-weight: 400;\">y solitarias,<\/span><\/p>\n<p><span style=\"font-weight: 400;\">han perdido calidez;<\/span><\/p>\n<p><span style=\"font-weight: 400;\">pero a\u00fan nos quedan los bares,<\/span><\/p>\n<p><span style=\"font-weight: 400;\">esos sitios<\/span><\/p>\n<p><span style=\"font-weight: 400;\">oscuros<\/span><\/p>\n<p><span style=\"font-weight: 400;\">que se encienden<\/span><\/p>\n<p><span style=\"font-weight: 400;\">cuando se apaga todo lo dem\u00e1s,<\/span><\/p>\n<p><span style=\"font-weight: 400;\">esos rincones con alma,<\/span><\/p>\n<p><span style=\"font-weight: 400;\">con aut\u00e9ntico calor;<\/span><\/p>\n<p><span style=\"font-weight: 400;\">qui\u00e9n sabe<\/span><\/p>\n<p><span style=\"font-weight: 400;\">si ya el \u00faltimo refugio<\/span><\/p>\n<p><span style=\"font-weight: 400;\">desde el que abrir fuego otra vez.\u2019<\/span><\/p>\n<p><span style=\"font-weight: 400;\">La Sede es el nombre ficticio, de un bar llamado ADC. Convertido en refugio, durante el contexto temporal de la<\/span><\/p>\n<p><span style=\"font-weight: 400;\">pandemia.<\/span><\/p>\n<p><span style=\"font-weight: 400;\">Pero all\u00ed no pretend\u00edamos abrir fuego, ni disfrut\u00e1bamos de la poes\u00eda.\u00a0<\/span><\/p>\n<p><span style=\"font-weight: 400;\">All\u00ed \u00edbamos cada fin de semana a pasarlo bien, una y otra vez.<\/span><\/p>\n","protected":false},"excerpt":{"rendered":"<p>Escrib\u00eda Karmelo Iribarren sobre los bares\u2026 \u2018Las ciudades se han puesto dif\u00edciles \u00faltimamente, son fr\u00edas y solitarias, han perdido calidez; pero a\u00fan nos quedan los bares, esos sitios oscuros que se encienden cuando se apaga todo lo dem\u00e1s, esos rincones con alma, con aut\u00e9ntico calor; qui\u00e9n sabe si ya el \u00faltimo refugio desde el que abrir fuego otra vez.\u2019 La Sede es el nombre ficticio, de un bar llamado ADC. Convertido en refugio, durante el contexto temporal de la pandemia. Pero all\u00ed no pretend\u00edamos abrir fuego, ni disfrut\u00e1bamos de la poes\u00eda.\u00a0 All\u00ed \u00edbamos cada fin de semana a pasarlo bien, una y otra vez.<\/p>\n","protected":false},"featured_media":134,"template":"","meta":[],"product_brand":[],"product_cat":[26],"product_tag":[],"class_list":{"0":"post-133","1":"product","2":"type-product","3":"status-publish","4":"has-post-thumbnail","6":"product_cat-photo","8":"first","9":"instock","10":"shipping-taxable","11":"purchasable","12":"product-type-simple"},"_links":{"self":[{"href":"https:\/\/underexpose.org\/index.php?rest_route=\/wp\/v2\/product\/133","targetHints":{"allow":["GET"]}}],"collection":[{"href":"https:\/\/underexpose.org\/index.php?rest_route=\/wp\/v2\/product"}],"about":[{"href":"https:\/\/underexpose.org\/index.php?rest_route=\/wp\/v2\/types\/product"}],"wp:featuredmedia":[{"embeddable":true,"href":"https:\/\/underexpose.org\/index.php?rest_route=\/wp\/v2\/media\/134"}],"wp:attachment":[{"href":"https:\/\/underexpose.org\/index.php?rest_route=%2Fwp%2Fv2%2Fmedia&parent=133"}],"wp:term":[{"taxonomy":"product_brand","embeddable":true,"href":"https:\/\/underexpose.org\/index.php?rest_route=%2Fwp%2Fv2%2Fproduct_brand&post=133"},{"taxonomy":"product_cat","embeddable":true,"href":"https:\/\/underexpose.org\/index.php?rest_route=%2Fwp%2Fv2%2Fproduct_cat&post=133"},{"taxonomy":"product_tag","embeddable":true,"href":"https:\/\/underexpose.org\/index.php?rest_route=%2Fwp%2Fv2%2Fproduct_tag&post=133"}],"curies":[{"name":"wp","href":"https:\/\/api.w.org\/{rel}","templated":true}]}}