{"id":131,"date":"2025-05-17T16:03:26","date_gmt":"2025-05-17T16:03:26","guid":{"rendered":"https:\/\/underexpose.org\/?post_type=product&#038;p=131"},"modified":"2025-10-04T19:00:51","modified_gmt":"2025-10-04T19:00:51","slug":"no18-nunca-fue-de-los-nuestros-por-manuela-lorente","status":"publish","type":"product","link":"https:\/\/underexpose.org\/?product=no18-nunca-fue-de-los-nuestros-por-manuela-lorente","title":{"rendered":"n\u00ba18 \u00abNunca fue de los nuestros\u00bb por  Manuela Lorente"},"content":{"rendered":"<p><span style=\"font-weight: 400;\">De pronto la oscuridad cay\u00f3 a plomo en los bajos, mientras los gritos sonaban al comp\u00e1s de fogonazos de luces azules y rojas a la vez que las corbatas y acreditaciones, bailaban como si de una coreograf\u00eda se tratase retransmitida en directo por los walkitalkies.<\/span><\/p>\n<p><span style=\"font-weight: 400;\">Me despert\u00e9 de un salto del sof\u00e1. Ol\u00eda a pelo quemado, pero a\u00fan ten\u00eda el pitillo entre los dedos. Cualquier d\u00eda este zulo acabar\u00e1 ardiendo. Quiz\u00e1 sea la \u00fanica manera de que el ruin del casero le d\u00e9 una mano de pintura a este cuchitril.<\/span><\/p>\n<p><span style=\"font-weight: 400;\">Sub\u00ed el volumen del televisor. En el canal 24 horas un psicoanalista de pacotilla aseguraba que la causa que ha llevado a este individuo a ejecutar estos asesinatos han sido las miserias de los bajos fondos de la ciudad. Lo que este loquero no sabe, es la cantidad de miserias que puedes vivir all\u00e1 arriba, en la superficie. Concretamente en la planta 33.<\/span><\/p>\n<p><span style=\"font-weight: 400;\">Le di otro bocado al s\u00e1ndwich antes de guardarlo de nuevo en la bolsa. Me met\u00eda la camisa por dentro, ajust\u00e9 el cintur\u00f3n, me puse los zapatos sin necesidad de desabrocharlos y sal\u00ed pitando.<\/span><\/p>\n<p><span style=\"font-weight: 400;\">La zona estaba a\u00fan balizada, pero se pod\u00eda ver restos de sangre mezclados con algo parecido a v\u00f3mito que bien podr\u00edan ser v\u00edsceras. Si no fuera porque este olor nauseabundo de los bajos me resulta tan familiar, echar\u00eda la papilla aqu\u00ed mismo.<\/span><\/p>\n<p><span style=\"font-weight: 400;\">Por las camisetas de futbol de algunos idiotas supuse que era d\u00eda de partido importante, pero aun as\u00ed en la oficina no se hablaba de otra cosa que de los asesinatos. Los m\u00e1s veteranos sosten\u00edan, como si de una historia de la mili se tratase, que no era la primera vez que ocurr\u00eda. Sin embargo, yo siempre pens\u00e9 que no era m\u00e1s que una leyenda alimentada por los vigilantes nocturnos para atemorizar a la salida a los nuevos becarios como a chicos en la fogata de un campamento.<\/span><\/p>\n<p><span style=\"font-weight: 400;\">Tras varias semanas de multitud de polic\u00edas de paisano que no enga\u00f1aban a nadie y de discotecas cerradas, todo parec\u00eda volver a la normalidad. Un d\u00eda, de vuelta a casa, me cruc\u00e9 de camino con uno de los peces gordos.<\/span><\/p>\n<ul>\n<li style=\"font-weight: 400;\" aria-level=\"1\"><span style=\"font-weight: 400;\">Eh!!! \u2013 Me dijo gritando. Estoy seguro de que llam\u00f3 mi atenci\u00f3n con tal berrido porque es de los que no se molesta en aprenderse tu nombre de pila. \u2013 \u00bfTe has enterado?<\/span><\/li>\n<li style=\"font-weight: 400;\" aria-level=\"1\"><span style=\"font-weight: 400;\">\u00bfC\u00f3mo? \u2013 Le hice entender moviendo todos los m\u00fasculos de las cejas pero ninguno de mi boca.<\/span><\/li>\n<li style=\"font-weight: 400;\" aria-level=\"1\"><span style=\"font-weight: 400;\">\u00a1S\u00ed, hombre! \u00a1Lo han cogido! \u2013 Permanec\u00ed inm\u00f3vil. \u2013 Han pillado al asesino de Azca. Al parecer el tipo mat\u00f3 a doce personas, las descuartiz\u00f3 y se las comi\u00f3.<\/span><\/li>\n<li style=\"font-weight: 400;\" aria-level=\"1\"><span style=\"font-weight: 400;\">Bueno, es otro tipo de dieta \u2026 \u00bfQui\u00e9n era? \u2013 Coment\u00e9 volvi\u00e9ndome a poner en marcha.<\/span><\/li>\n<li style=\"font-weight: 400;\" aria-level=\"1\"><span style=\"font-weight: 400;\">Paco, el contable. La verdad es que no me extra\u00f1a nada. Era un tipo muy extra\u00f1o.<\/span><\/li>\n<li style=\"font-weight: 400;\" aria-level=\"1\"><span style=\"font-weight: 400;\">No lo conozco \u2013 Dije sin prestarle mucha atenci\u00f3n.<\/span><\/li>\n<li style=\"font-weight: 400;\" aria-level=\"1\"><span style=\"font-weight: 400;\">\u00a1Bah!, normal. Nunca fue de los nuestros.<\/span><\/li>\n<\/ul>\n<p><span style=\"font-weight: 400;\">De pronto la oscuridad cay\u00f3 a plomo en los bajos mientras los gritos volvieron a sonar en mi cabeza\u2026<\/span><\/p>\n<p><span style=\"font-weight: 400;\">Fotograf\u00eda <\/span><a href=\"https:\/\/www.instagram.com\/manuela_lorente\/\"><span style=\"font-weight: 400;\">Manuela Lorente<\/span><\/a><span style=\"font-weight: 400;\">. Texto: <\/span><a href=\"https:\/\/www.instagram.com\/hectorlzgm\/\"><span style=\"font-weight: 400;\">H\u00e9ctor L\u00f3pez Gamero.<\/span><\/a><\/p>\n","protected":false},"excerpt":{"rendered":"<p>De pronto la oscuridad cay\u00f3 a plomo en los bajos, mientras los gritos sonaban al comp\u00e1s de fogonazos de luces azules y rojas a la vez que las corbatas y acreditaciones, bailaban como si de una coreograf\u00eda se tratase retransmitida en directo por los walkitalkies. Me despert\u00e9 de un salto del sof\u00e1. Ol\u00eda a pelo quemado, pero a\u00fan ten\u00eda el pitillo entre los dedos. Cualquier d\u00eda este zulo acabar\u00e1 ardiendo. Quiz\u00e1 sea la \u00fanica manera de que el ruin del casero le d\u00e9 una mano de pintura a este cuchitril. Sub\u00ed el volumen del televisor. En el canal 24 horas un psicoanalista de pacotilla aseguraba que la causa que ha llevado a este individuo a ejecutar estos asesinatos han sido las miserias de los bajos fondos de la ciudad. Lo que este loquero no sabe, es la cantidad de miserias que puedes vivir all\u00e1 arriba, en la superficie. Concretamente en la planta 33. Le di otro bocado al s\u00e1ndwich antes de guardarlo de nuevo en la bolsa. Me met\u00eda la camisa por dentro, ajust\u00e9 el cintur\u00f3n, me puse los zapatos sin necesidad de desabrocharlos y sal\u00ed pitando. La zona estaba a\u00fan balizada, pero se pod\u00eda ver restos de sangre mezclados con algo parecido a v\u00f3mito que bien podr\u00edan ser v\u00edsceras. Si no fuera porque este olor nauseabundo de los bajos me resulta tan familiar, echar\u00eda la papilla aqu\u00ed mismo. Por las camisetas de futbol de algunos idiotas supuse que era d\u00eda de partido importante, pero aun as\u00ed en la oficina no se hablaba de otra cosa que de los asesinatos. Los m\u00e1s veteranos sosten\u00edan, como si de una historia de la mili se tratase, que no era la primera vez que ocurr\u00eda. Sin embargo, yo siempre pens\u00e9 que no era m\u00e1s que una leyenda alimentada por los vigilantes nocturnos para atemorizar a la salida a los nuevos becarios como a chicos en la fogata de un campamento. Tras varias semanas de multitud de polic\u00edas de paisano que no enga\u00f1aban a nadie y de discotecas cerradas, todo parec\u00eda volver a la normalidad. Un d\u00eda, de vuelta a casa, me cruc\u00e9 de camino con uno de los peces gordos. Eh!!! \u2013 Me dijo gritando. Estoy seguro de que llam\u00f3 mi atenci\u00f3n con tal berrido porque es de los que no se molesta en aprenderse tu nombre de pila. \u2013 \u00bfTe has enterado? \u00bfC\u00f3mo? \u2013 Le hice entender moviendo todos los m\u00fasculos de las cejas pero ninguno de mi boca. \u00a1S\u00ed, hombre! \u00a1Lo han cogido! \u2013 Permanec\u00ed inm\u00f3vil. \u2013 Han pillado al asesino de Azca. Al parecer el tipo mat\u00f3 a doce personas, las descuartiz\u00f3 y se las comi\u00f3. Bueno, es otro tipo de dieta \u2026 \u00bfQui\u00e9n era? \u2013 Coment\u00e9 volvi\u00e9ndome a poner en marcha. Paco, el contable. La verdad es que no me extra\u00f1a nada. Era un tipo muy extra\u00f1o. No lo conozco \u2013 Dije sin prestarle mucha atenci\u00f3n. \u00a1Bah!, normal. Nunca fue de los nuestros. De pronto la oscuridad cay\u00f3 a plomo en los bajos mientras los gritos volvieron a sonar en mi cabeza\u2026 Fotograf\u00eda Manuela Lorente. Texto: H\u00e9ctor L\u00f3pez Gamero.<\/p>\n","protected":false},"featured_media":132,"template":"","meta":[],"product_brand":[],"product_cat":[26],"product_tag":[],"class_list":{"0":"post-131","1":"product","2":"type-product","3":"status-publish","4":"has-post-thumbnail","6":"product_cat-photo","8":"first","9":"outofstock","10":"shipping-taxable","11":"purchasable","12":"product-type-simple"},"_links":{"self":[{"href":"https:\/\/underexpose.org\/index.php?rest_route=\/wp\/v2\/product\/131","targetHints":{"allow":["GET"]}}],"collection":[{"href":"https:\/\/underexpose.org\/index.php?rest_route=\/wp\/v2\/product"}],"about":[{"href":"https:\/\/underexpose.org\/index.php?rest_route=\/wp\/v2\/types\/product"}],"wp:featuredmedia":[{"embeddable":true,"href":"https:\/\/underexpose.org\/index.php?rest_route=\/wp\/v2\/media\/132"}],"wp:attachment":[{"href":"https:\/\/underexpose.org\/index.php?rest_route=%2Fwp%2Fv2%2Fmedia&parent=131"}],"wp:term":[{"taxonomy":"product_brand","embeddable":true,"href":"https:\/\/underexpose.org\/index.php?rest_route=%2Fwp%2Fv2%2Fproduct_brand&post=131"},{"taxonomy":"product_cat","embeddable":true,"href":"https:\/\/underexpose.org\/index.php?rest_route=%2Fwp%2Fv2%2Fproduct_cat&post=131"},{"taxonomy":"product_tag","embeddable":true,"href":"https:\/\/underexpose.org\/index.php?rest_route=%2Fwp%2Fv2%2Fproduct_tag&post=131"}],"curies":[{"name":"wp","href":"https:\/\/api.w.org\/{rel}","templated":true}]}}