{"id":127,"date":"2025-05-17T16:00:59","date_gmt":"2025-05-17T16:00:59","guid":{"rendered":"https:\/\/underexpose.org\/?post_type=product&#038;p=127"},"modified":"2025-10-04T19:00:18","modified_gmt":"2025-10-04T19:00:18","slug":"no16-divided-we-fall-por-sofia-sebastian","status":"publish","type":"product","link":"https:\/\/underexpose.org\/?product=no16-divided-we-fall-por-sofia-sebastian","title":{"rendered":"n\u00ba16 \u00abDivided We Fall\u00bb por Sof\u00eda Sebastian"},"content":{"rendered":"<p><span style=\"font-weight: 400;\">Como alguien que ha crecido en una gran ciudad, me fascina la energ\u00eda de la vida cotidiana en las grandes ciudades.<\/span><\/p>\n<p><span style=\"font-weight: 400;\">Sin embargo, durante la pandemia, esa energ\u00eda se disip\u00f3 y mi fotograf\u00eda se enfoc\u00f3 en los cambios sociales y pol\u00edticos que estaban sucedi\u00e9ndose a mi alrededor, en la puerta de mi casa, en la capital americana.<\/span><\/p>\n<p><span style=\"font-weight: 400;\">Motivada por la energ\u00eda social del momento, con el movimiento de <\/span><i><span style=\"font-weight: 400;\">Black Lives Matter<\/span><\/i><span style=\"font-weight: 400;\">, pero tambi\u00e9n severamente afectada por las pol\u00edticas de la administraci\u00f3n de esos momentos, y por la creciente divisi\u00f3n de la sociedad americana, me lanc\u00e9 a la calle para escribir mi cr\u00f3nica del momento, con im\u00e1genes del tumulto social y la culminaci\u00f3n de la violencia en el Capitolio.<\/span><\/p>\n<p><span style=\"font-weight: 400;\">Utilizando la luz \u2013 natural y artificial \u2013 de manera intencional, aqu\u00ed os presento el resultado, una cr\u00f3nica subjetiva de un momento in\u00e9dito de la historia americana, en Underexposed: <\/span><i><span style=\"font-weight: 400;\">Divided we Fall<\/span><\/i><span style=\"font-weight: 400;\">, la mirada de una madrile\u00f1a en Washington DC.<\/span><\/p>\n<p><a href=\"https:\/\/www.instagram.com\/fedora357\/?hl=es\"><span style=\"font-weight: 400;\">Sof\u00eda Sebastian<\/span><\/a><\/p>\n","protected":false},"excerpt":{"rendered":"<p>Como alguien que ha crecido en una gran ciudad, me fascina la energ\u00eda de la vida cotidiana en las grandes ciudades. Sin embargo, durante la pandemia, esa energ\u00eda se disip\u00f3 y mi fotograf\u00eda se enfoc\u00f3 en los cambios sociales y pol\u00edticos que estaban sucedi\u00e9ndose a mi alrededor, en la puerta de mi casa, en la capital americana. Motivada por la energ\u00eda social del momento, con el movimiento de Black Lives Matter, pero tambi\u00e9n severamente afectada por las pol\u00edticas de la administraci\u00f3n de esos momentos, y por la creciente divisi\u00f3n de la sociedad americana, me lanc\u00e9 a la calle para escribir mi cr\u00f3nica del momento, con im\u00e1genes del tumulto social y la culminaci\u00f3n de la violencia en el Capitolio. Utilizando la luz \u2013 natural y artificial \u2013 de manera intencional, aqu\u00ed os presento el resultado, una cr\u00f3nica subjetiva de un momento in\u00e9dito de la historia americana, en Underexposed: Divided we Fall, la mirada de una madrile\u00f1a en Washington DC. Sof\u00eda Sebastian<\/p>\n","protected":false},"featured_media":128,"template":"","meta":[],"product_brand":[],"product_cat":[26],"product_tag":[],"class_list":{"0":"post-127","1":"product","2":"type-product","3":"status-publish","4":"has-post-thumbnail","6":"product_cat-photo","8":"first","9":"outofstock","10":"shipping-taxable","11":"purchasable","12":"product-type-simple"},"_links":{"self":[{"href":"https:\/\/underexpose.org\/index.php?rest_route=\/wp\/v2\/product\/127","targetHints":{"allow":["GET"]}}],"collection":[{"href":"https:\/\/underexpose.org\/index.php?rest_route=\/wp\/v2\/product"}],"about":[{"href":"https:\/\/underexpose.org\/index.php?rest_route=\/wp\/v2\/types\/product"}],"wp:featuredmedia":[{"embeddable":true,"href":"https:\/\/underexpose.org\/index.php?rest_route=\/wp\/v2\/media\/128"}],"wp:attachment":[{"href":"https:\/\/underexpose.org\/index.php?rest_route=%2Fwp%2Fv2%2Fmedia&parent=127"}],"wp:term":[{"taxonomy":"product_brand","embeddable":true,"href":"https:\/\/underexpose.org\/index.php?rest_route=%2Fwp%2Fv2%2Fproduct_brand&post=127"},{"taxonomy":"product_cat","embeddable":true,"href":"https:\/\/underexpose.org\/index.php?rest_route=%2Fwp%2Fv2%2Fproduct_cat&post=127"},{"taxonomy":"product_tag","embeddable":true,"href":"https:\/\/underexpose.org\/index.php?rest_route=%2Fwp%2Fv2%2Fproduct_tag&post=127"}],"curies":[{"name":"wp","href":"https:\/\/api.w.org\/{rel}","templated":true}]}}