{"id":125,"date":"2025-05-17T15:59:38","date_gmt":"2025-05-17T15:59:38","guid":{"rendered":"https:\/\/underexpose.org\/?post_type=product&#038;p=125"},"modified":"2025-05-18T17:18:19","modified_gmt":"2025-05-18T17:18:19","slug":"no15-paper-dolls-por-david-fidalgo-bricks","status":"publish","type":"product","link":"https:\/\/underexpose.org\/?product=no15-paper-dolls-por-david-fidalgo-bricks","title":{"rendered":"n\u00ba15 \u00abPaper dolls\u00bb por David Fidalgo \u00abBricks\u00bb"},"content":{"rendered":"<p><span style=\"font-weight: 400;\">Llevo a\u00f1os fotografiando carteles rotos o degradados, pero desde hace un par de a\u00f1os, me ha resultado de inter\u00e9s el ver como todas esas imperfecciones (fruto del paso del tiempo) en las caras de esas \u201cmujeres de papel\u201d pod\u00edan reflejar sentimientos totalmente aleatorios, pero mucho m\u00e1s profundos de lo que el propio cartel pretend\u00eda mostrar. As\u00ed, im\u00e1genes que inicialmente estaban pensadas para vender lujos o estereotipos, se transforman en emociones en las cuales nos podemos sentir m\u00e1s identificados como pueden ser el miedo, la fragilidad o la tristeza.\u00a0<\/span><\/p>\n<p><span style=\"font-weight: 400;\">Pese a ser meras fotograf\u00edas, me interesa tratar la composici\u00f3n como si de retratos pict\u00f3ricos se tratara. Tambi\u00e9n, la atracci\u00f3n por la mujer es clara: despu\u00e9s de a\u00f1os cosificando al g\u00e9nero femenino como mero envoltorio para la venta de productos en publicidad, el hecho de poder darle la vuelta y convertir a la modelo del cartel en algo m\u00e1s real, m\u00e1s humano, me parec\u00eda un concepto bastante potente y reivindicativo.<\/span><\/p>\n<p><span style=\"font-weight: 400;\">Lamentablemente (y aunque las cosas est\u00e1n cambiando), creo que queda mucho camino por recorrer en cuanto a mostrar publicidad sin tanto artificio. Pero siempre que existan esos peque\u00f1os defectos en el transcurso de un cartel y hasta que sea sustituido por otro, intentar\u00e9 estar ah\u00ed, c\u00e1mara en mano dando mi visi\u00f3n del mundo.<\/span><\/p>\n<p><span style=\"font-weight: 400;\">\u00a0Papel Dolls, de Underexpose, es el broche final a mi proyecto \u201cWomen\u201d con fotos in\u00e9ditas y la edici\u00f3n de Victor Gualda, Mois\u00e9s Lucas y Luis Camacho que han sabido darle una nueva vuelta de tuerca al concepto. Espero que lo disfrut\u00e9is tanto como yo.<\/span><\/p>\n","protected":false},"excerpt":{"rendered":"<p>Llevo a\u00f1os fotografiando carteles rotos o degradados, pero desde hace un par de a\u00f1os, me ha resultado de inter\u00e9s el ver como todas esas imperfecciones (fruto del paso del tiempo) en las caras de esas \u201cmujeres de papel\u201d pod\u00edan reflejar sentimientos totalmente aleatorios, pero mucho m\u00e1s profundos de lo que el propio cartel pretend\u00eda mostrar. As\u00ed, im\u00e1genes que inicialmente estaban pensadas para vender lujos o estereotipos, se transforman en emociones en las cuales nos podemos sentir m\u00e1s identificados como pueden ser el miedo, la fragilidad o la tristeza.\u00a0 Pese a ser meras fotograf\u00edas, me interesa tratar la composici\u00f3n como si de retratos pict\u00f3ricos se tratara. Tambi\u00e9n, la atracci\u00f3n por la mujer es clara: despu\u00e9s de a\u00f1os cosificando al g\u00e9nero femenino como mero envoltorio para la venta de productos en publicidad, el hecho de poder darle la vuelta y convertir a la modelo del cartel en algo m\u00e1s real, m\u00e1s humano, me parec\u00eda un concepto bastante potente y reivindicativo. Lamentablemente (y aunque las cosas est\u00e1n cambiando), creo que queda mucho camino por recorrer en cuanto a mostrar publicidad sin tanto artificio. Pero siempre que existan esos peque\u00f1os defectos en el transcurso de un cartel y hasta que sea sustituido por otro, intentar\u00e9 estar ah\u00ed, c\u00e1mara en mano dando mi visi\u00f3n del mundo. \u00a0Papel Dolls, de Underexpose, es el broche final a mi proyecto \u201cWomen\u201d con fotos in\u00e9ditas y la edici\u00f3n de Victor Gualda, Mois\u00e9s Lucas y Luis Camacho que han sabido darle una nueva vuelta de tuerca al concepto. Espero que lo disfrut\u00e9is tanto como yo.<\/p>\n","protected":false},"featured_media":126,"template":"","meta":[],"product_brand":[],"product_cat":[26],"product_tag":[],"class_list":{"0":"post-125","1":"product","2":"type-product","3":"status-publish","4":"has-post-thumbnail","6":"product_cat-photo","8":"first","9":"instock","10":"shipping-taxable","11":"purchasable","12":"product-type-simple"},"_links":{"self":[{"href":"https:\/\/underexpose.org\/index.php?rest_route=\/wp\/v2\/product\/125","targetHints":{"allow":["GET"]}}],"collection":[{"href":"https:\/\/underexpose.org\/index.php?rest_route=\/wp\/v2\/product"}],"about":[{"href":"https:\/\/underexpose.org\/index.php?rest_route=\/wp\/v2\/types\/product"}],"wp:featuredmedia":[{"embeddable":true,"href":"https:\/\/underexpose.org\/index.php?rest_route=\/wp\/v2\/media\/126"}],"wp:attachment":[{"href":"https:\/\/underexpose.org\/index.php?rest_route=%2Fwp%2Fv2%2Fmedia&parent=125"}],"wp:term":[{"taxonomy":"product_brand","embeddable":true,"href":"https:\/\/underexpose.org\/index.php?rest_route=%2Fwp%2Fv2%2Fproduct_brand&post=125"},{"taxonomy":"product_cat","embeddable":true,"href":"https:\/\/underexpose.org\/index.php?rest_route=%2Fwp%2Fv2%2Fproduct_cat&post=125"},{"taxonomy":"product_tag","embeddable":true,"href":"https:\/\/underexpose.org\/index.php?rest_route=%2Fwp%2Fv2%2Fproduct_tag&post=125"}],"curies":[{"name":"wp","href":"https:\/\/api.w.org\/{rel}","templated":true}]}}